{"id":394,"date":"2021-03-03T02:25:52","date_gmt":"2021-03-03T02:25:52","guid":{"rendered":"https:\/\/sindicatomilonguero.com\/index.php\/biography\/"},"modified":"2025-04-28T17:05:40","modified_gmt":"2025-04-28T17:05:40","slug":"lorchestre","status":"publish","type":"page","link":"https:\/\/sindicatomilonguero.com\/index.php\/lorchestre\/","title":{"rendered":"L&rsquo;orchestre"},"content":{"rendered":"\t\t<div data-elementor-type=\"wp-page\" data-elementor-id=\"394\" class=\"elementor elementor-394\">\n\t\t\t\t\t\t<section class=\"elementor-section elementor-top-section elementor-element elementor-element-d8d5da8 elementor-section-boxed elementor-section-height-default elementor-section-height-default\" data-id=\"d8d5da8\" data-element_type=\"section\" data-settings=\"{&quot;background_background&quot;:&quot;classic&quot;,&quot;animation&quot;:&quot;none&quot;}\">\n\t\t\t\t\t\t<div class=\"elementor-container elementor-column-gap-no\">\n\t\t\t\t\t<div class=\"elementor-column elementor-col-100 elementor-top-column elementor-element elementor-element-5d02d36\" data-id=\"5d02d36\" data-element_type=\"column\">\n\t\t\t<div class=\"elementor-widget-wrap elementor-element-populated\">\n\t\t\t\t\t\t<div class=\"elementor-element elementor-element-c797f68 elementor-widget elementor-widget-heading\" data-id=\"c797f68\" data-element_type=\"widget\" data-widget_type=\"heading.default\">\n\t\t\t\t<div class=\"elementor-widget-container\">\n\t\t\t\t\t<h2 class=\"elementor-heading-title elementor-size-default\">L'orchestre<\/h2>\t\t\t\t<\/div>\n\t\t\t\t<\/div>\n\t\t\t\t<div class=\"elementor-element elementor-element-b98f68e elementor-invisible elementor-widget elementor-widget-image\" data-id=\"b98f68e\" data-element_type=\"widget\" data-settings=\"{&quot;_animation&quot;:&quot;slideInUp&quot;}\" data-widget_type=\"image.default\">\n\t\t\t\t<div class=\"elementor-widget-container\">\n\t\t\t\t\t\t\t\t\t\t\t\t\t\t\t<img fetchpriority=\"high\" decoding=\"async\" width=\"768\" height=\"576\" src=\"https:\/\/sindicatomilonguero.com\/wp-content\/uploads\/2025\/04\/PXL_20230706_171251746.MP2_-768x576.jpg\" class=\"attachment-medium_large size-medium_large wp-image-1093\" alt=\"photo orchestre r\u00e9p\u00e9tition\" srcset=\"https:\/\/sindicatomilonguero.com\/wp-content\/uploads\/2025\/04\/PXL_20230706_171251746.MP2_-768x576.jpg 768w, https:\/\/sindicatomilonguero.com\/wp-content\/uploads\/2025\/04\/PXL_20230706_171251746.MP2_-300x225.jpg 300w, https:\/\/sindicatomilonguero.com\/wp-content\/uploads\/2025\/04\/PXL_20230706_171251746.MP2_-1024x768.jpg 1024w, https:\/\/sindicatomilonguero.com\/wp-content\/uploads\/2025\/04\/PXL_20230706_171251746.MP2_-1536x1152.jpg 1536w, https:\/\/sindicatomilonguero.com\/wp-content\/uploads\/2025\/04\/PXL_20230706_171251746.MP2_-2048x1536.jpg 2048w\" sizes=\"(max-width: 768px) 100vw, 768px\" \/>\t\t\t\t\t\t\t\t\t\t\t\t\t\t\t<\/div>\n\t\t\t\t<\/div>\n\t\t\t\t<div class=\"elementor-element elementor-element-1614473 elementor-widget elementor-widget-text-editor\" data-id=\"1614473\" data-element_type=\"widget\" data-widget_type=\"text-editor.default\">\n\t\t\t\t<div class=\"elementor-widget-container\">\n\t\t\t\t\t\t\t\t\t<p>Patricio Bonfiglio &amp; El Sindicato Milonguero est un orchestre de tango contemporain, compos\u00e9 de trois violons, un alto, un violoncelle, contrebasse, piano et trois bandon\u00e9ons.<\/p><p>Depuis ses d\u00e9buts, l&rsquo;ensemble s&rsquo;est produit sur plusieurs sc\u00e8nes reconnues, notamment au Studio de l\u2019Ermitage, \u00e0 la Bellevilloise, \u00e0 l\u2019Espace Jemmapes, au Pavillon de Romainville et au Festival de Tango de Limoges.<\/p><p>En novembre 2023, l&rsquo;orchestre s&rsquo;est produit dans la grande salle Pierre Boulez de la Philharmonie de Paris, aux c\u00f4t\u00e9s de l&rsquo;Orchestre Pasdeloup et du chef Christian Vasquez, pour la cr\u00e9ation de Tango Nuevo Sinf\u00f3nico N\u00b01, une composition de Patricio Bonfiglio pour orchestre de tango et orchestre symphonique. La pi\u00e8ce a \u00e9t\u00e9 accueillie par une v\u00e9ritable ovation du public.<\/p><p>Actuellement, l&rsquo;ensemble se consacre \u00e0 la production et \u00e0 la promotion de son premier album, proposant des tangos in\u00e9dits, ainsi qu&rsquo;\u00e0 la cr\u00e9ation d&rsquo;un spectacle multidisciplinaire int\u00e9grant danse et vid\u00e9o.<\/p>\t\t\t\t\t\t\t\t<\/div>\n\t\t\t\t<\/div>\n\t\t\t\t\t<\/div>\n\t\t<\/div>\n\t\t\t\t\t<\/div>\n\t\t<\/section>\n\t\t\t\t<section class=\"elementor-section elementor-top-section elementor-element elementor-element-4a4b9f1 elementor-section-boxed elementor-section-height-default elementor-section-height-default\" data-id=\"4a4b9f1\" data-element_type=\"section\">\n\t\t\t\t\t\t<div class=\"elementor-container elementor-column-gap-default\">\n\t\t\t\t\t<div class=\"elementor-column elementor-col-100 elementor-top-column elementor-element elementor-element-61bea7c\" data-id=\"61bea7c\" data-element_type=\"column\">\n\t\t\t<div class=\"elementor-widget-wrap elementor-element-populated\">\n\t\t\t\t\t\t<section class=\"elementor-section elementor-inner-section elementor-element elementor-element-5b53ec6 elementor-section-boxed elementor-section-height-default elementor-section-height-default elementor-invisible\" data-id=\"5b53ec6\" data-element_type=\"section\" data-settings=\"{&quot;animation&quot;:&quot;fadeInDown&quot;}\">\n\t\t\t\t\t\t<div class=\"elementor-container elementor-column-gap-no\">\n\t\t\t\t\t<div class=\"elementor-column elementor-col-100 elementor-inner-column elementor-element elementor-element-aa70106\" data-id=\"aa70106\" data-element_type=\"column\">\n\t\t\t<div class=\"elementor-widget-wrap elementor-element-populated\">\n\t\t\t\t\t\t<div class=\"elementor-element elementor-element-a6633ba elementor-widget elementor-widget-heading\" data-id=\"a6633ba\" data-element_type=\"widget\" data-widget_type=\"heading.default\">\n\t\t\t\t<div class=\"elementor-widget-container\">\n\t\t\t\t\t<h2 class=\"elementor-heading-title elementor-size-default\">Patricio Bonfiglio<\/h2>\t\t\t\t<\/div>\n\t\t\t\t<\/div>\n\t\t\t\t<div class=\"elementor-element elementor-element-60060f4 elementor-widget elementor-widget-image\" data-id=\"60060f4\" data-element_type=\"widget\" data-widget_type=\"image.default\">\n\t\t\t\t<div class=\"elementor-widget-container\">\n\t\t\t\t\t\t\t\t\t\t\t\t\t\t\t<img decoding=\"async\" src=\"https:\/\/sindicatomilonguero.com\/wp-content\/uploads\/elementor\/thumbs\/IMG_1907-pyrts7hoq8wi58mv5xh9o5flork9fuybltrxplna0g.jpg\" title=\"IMG_1907\" alt=\"IMG_1907\" loading=\"lazy\" \/>\t\t\t\t\t\t\t\t\t\t\t\t\t\t\t<\/div>\n\t\t\t\t<\/div>\n\t\t\t\t<div class=\"elementor-element elementor-element-a9fd274 elementor-widget elementor-widget-text-editor\" data-id=\"a9fd274\" data-element_type=\"widget\" data-widget_type=\"text-editor.default\">\n\t\t\t\t<div class=\"elementor-widget-container\">\n\t\t\t\t\t\t\t\t\t<p><span class=\"Apple-converted-space\">\u00a0<\/span>Compositeur argentin (n\u00e9 en 1980), disciple de Mariano Etkin (h\u00e9ritier d&rsquo;Alberto Ginastera). Install\u00e9 \u00e0 Paris depuis 2020, ses projets r\u00e9cents incluent plus de 30 repr\u00e9sentations au Th\u00e9\u00e2tre Marigny (grande salle) et la direction\/composition musicales du spectacle Odisea Tango.<\/p><p>Ancien membre de groupes majeurs du tango actuel (Orchestre Fern\u00e1ndez Fierro, Astillero), il fonde en 2010 les formations Rascacielos et Rascasuelos. Avec cette derni\u00e8re, il s&rsquo;est produit au Carnegie Hall (New York) et au Roskilde Festival (Danemark).<\/p><p>Il a enregistr\u00e9 de nombreux albums et largement tourn\u00e9 sur le continent am\u00e9ricain, ainsi qu\u2019en Europe et en Asie. Sa carri\u00e8re inclut aussi des collaborations notables, notamment sous la direction de Gustavo Santaolalla (ART-Harvard University, USA).<\/p>\t\t\t\t\t\t\t\t<\/div>\n\t\t\t\t<\/div>\n\t\t\t\t\t<\/div>\n\t\t<\/div>\n\t\t\t\t\t<\/div>\n\t\t<\/section>\n\t\t\t\t\t<\/div>\n\t\t<\/div>\n\t\t\t\t\t<\/div>\n\t\t<\/section>\n\t\t\t\t<section class=\"elementor-section elementor-top-section elementor-element elementor-element-faa6311 elementor-section-boxed elementor-section-height-default elementor-section-height-default\" data-id=\"faa6311\" data-element_type=\"section\">\n\t\t\t\t\t\t<div class=\"elementor-container elementor-column-gap-default\">\n\t\t\t\t\t<div class=\"elementor-column elementor-col-100 elementor-top-column elementor-element elementor-element-ffa004a\" data-id=\"ffa004a\" data-element_type=\"column\">\n\t\t\t<div class=\"elementor-widget-wrap elementor-element-populated\">\n\t\t\t\t\t\t<div class=\"elementor-element elementor-element-b85e552 elementor-widget elementor-widget-heading\" data-id=\"b85e552\" data-element_type=\"widget\" data-widget_type=\"heading.default\">\n\t\t\t\t<div class=\"elementor-widget-container\">\n\t\t\t\t\t<h2 class=\"elementor-heading-title elementor-size-xl\">El Sindicato Milonguero<\/h2>\t\t\t\t<\/div>\n\t\t\t\t<\/div>\n\t\t\t\t<div class=\"elementor-element elementor-element-b03b051 elementor-arrows-position-inside elementor-pagination-position-outside elementor-widget elementor-widget-image-carousel\" data-id=\"b03b051\" data-element_type=\"widget\" data-settings=\"{&quot;autoplay_speed&quot;:100,&quot;speed&quot;:5000,&quot;navigation&quot;:&quot;both&quot;,&quot;autoplay&quot;:&quot;yes&quot;,&quot;pause_on_hover&quot;:&quot;yes&quot;,&quot;pause_on_interaction&quot;:&quot;yes&quot;,&quot;infinite&quot;:&quot;yes&quot;}\" data-widget_type=\"image-carousel.default\">\n\t\t\t\t<div class=\"elementor-widget-container\">\n\t\t\t\t\t\t\t<div class=\"elementor-image-carousel-wrapper swiper\" role=\"region\" aria-roledescription=\"carousel\" aria-label=\"Carrousel d\u2019images\" dir=\"ltr\">\n\t\t\t<div class=\"elementor-image-carousel swiper-wrapper\" aria-live=\"off\">\n\t\t\t\t\t\t\t\t<div class=\"swiper-slide\" role=\"group\" aria-roledescription=\"slide\" aria-label=\"1 sur 4\"><figure class=\"swiper-slide-inner\"><img decoding=\"async\" class=\"swiper-slide-image\" src=\"https:\/\/sindicatomilonguero.com\/wp-content\/uploads\/elementor\/thumbs\/IMG_1959-scaled-pytt0v6tzxq5v5bqd0mvdguyx8osdhgvvpgdpp009w.jpg\" alt=\"IMG_1959\" \/><\/figure><\/div><div class=\"swiper-slide\" role=\"group\" aria-roledescription=\"slide\" aria-label=\"2 sur 4\"><figure class=\"swiper-slide-inner\"><img decoding=\"async\" class=\"swiper-slide-image\" src=\"https:\/\/sindicatomilonguero.com\/wp-content\/uploads\/elementor\/thumbs\/IMG_1965-scaled-pytt03xihqouigfbs6uov5qlp2f569go3yjaso4fac.jpg\" alt=\"IMG_1965\" \/><\/figure><\/div><div class=\"swiper-slide\" role=\"group\" aria-roledescription=\"slide\" aria-label=\"3 sur 4\"><figure class=\"swiper-slide-inner\"><img decoding=\"async\" class=\"swiper-slide-image\" src=\"https:\/\/sindicatomilonguero.com\/wp-content\/uploads\/elementor\/thumbs\/IMG_1928-scaled-pytt0f7krr4adryxybq7p2w4tovjqmpg5id4jznp7o.jpg\" alt=\"IMG_1928\" \/><\/figure><\/div><div class=\"swiper-slide\" role=\"group\" aria-roledescription=\"slide\" aria-label=\"4 sur 4\"><figure class=\"swiper-slide-inner\"><img decoding=\"async\" class=\"swiper-slide-image\" src=\"https:\/\/sindicatomilonguero.com\/wp-content\/uploads\/elementor\/thumbs\/IMG_1939-scaled-pytszsng7q9en4vpm1z618l2kfyqlw7w2eph1cl5d0.jpg\" alt=\"IMG_1939\" \/><\/figure><\/div>\t\t\t<\/div>\n\t\t\t\t\t\t\t\t\t\t\t\t<div class=\"elementor-swiper-button elementor-swiper-button-prev\" role=\"button\" tabindex=\"0\">\n\t\t\t\t\t\t<i aria-hidden=\"true\" class=\"eicon-chevron-left\"><\/i>\t\t\t\t\t<\/div>\n\t\t\t\t\t<div class=\"elementor-swiper-button elementor-swiper-button-next\" role=\"button\" tabindex=\"0\">\n\t\t\t\t\t\t<i aria-hidden=\"true\" class=\"eicon-chevron-right\"><\/i>\t\t\t\t\t<\/div>\n\t\t\t\t\n\t\t\t\t\t\t\t\t\t<div class=\"swiper-pagination\"><\/div>\n\t\t\t\t\t\t\t\t\t<\/div>\n\t\t\t\t\t\t<\/div>\n\t\t\t\t<\/div>\n\t\t\t\t<div class=\"elementor-element elementor-element-cb89ebf elementor-widget elementor-widget-text-editor\" data-id=\"cb89ebf\" data-element_type=\"widget\" data-widget_type=\"text-editor.default\">\n\t\t\t\t<div class=\"elementor-widget-container\">\n\t\t\t\t\t\t\t\t\t<p>Le groupe r\u00e9unit des musiciens aux horizons vari\u00e9s : issus de grandes \u00e9coles (CNSM Paris\/Lyon, HEM de\u00a0 Gen\u00e8ve), chambristes ou membres d&rsquo;orchestres classiques de premier plan (Les Si\u00e8cles, Orchestre Victor Hugo, Jordi Savall&#8230;). Le collectif compte aussi des instrumentistes actifs sur la sc\u00e8ne tango actuelle, tant en Europe qu&rsquo;en Argentine.<\/p><p>Jaime Flores, Noe Gubitsch, Fabi\u00e1n Ishibashi : violons<\/p><p>Satryo Yudomartono ou Camille Havel : alto<\/p><p>Anastasia Baraviera : violoncelle<\/p><p>Lucas Eubel : contrebasse<\/p><p>Aude-Liesse Michel : piano<\/p><p>Alexandre Peign\u00e9, Mathieu Gautron, Patricio Bonfiglio : bandon\u00e9ons<\/p>\t\t\t\t\t\t\t\t<\/div>\n\t\t\t\t<\/div>\n\t\t\t\t<div class=\"elementor-element elementor-element-19befa4 elementor-arrows-position-inside elementor-pagination-position-outside elementor-widget elementor-widget-image-carousel\" data-id=\"19befa4\" data-element_type=\"widget\" data-settings=\"{&quot;autoplay_speed&quot;:100,&quot;speed&quot;:5000,&quot;navigation&quot;:&quot;both&quot;,&quot;autoplay&quot;:&quot;yes&quot;,&quot;pause_on_hover&quot;:&quot;yes&quot;,&quot;pause_on_interaction&quot;:&quot;yes&quot;,&quot;infinite&quot;:&quot;yes&quot;}\" data-widget_type=\"image-carousel.default\">\n\t\t\t\t<div class=\"elementor-widget-container\">\n\t\t\t\t\t\t\t<div class=\"elementor-image-carousel-wrapper swiper\" role=\"region\" aria-roledescription=\"carousel\" aria-label=\"Carrousel d\u2019images\" dir=\"rtl\">\n\t\t\t<div class=\"elementor-image-carousel swiper-wrapper\" aria-live=\"off\">\n\t\t\t\t\t\t\t\t<div class=\"swiper-slide\" role=\"group\" aria-roledescription=\"slide\" aria-label=\"1 sur 5\"><figure class=\"swiper-slide-inner\"><img decoding=\"async\" class=\"swiper-slide-image\" src=\"https:\/\/sindicatomilonguero.com\/wp-content\/uploads\/elementor\/thumbs\/IMG_1929-scaled-pytszyahcqh4ksnip4exg75u4r6xw2ua36mdx0csbo.jpg\" alt=\"IMG_1929\" \/><\/figure><\/div><div class=\"swiper-slide\" role=\"group\" aria-roledescription=\"slide\" aria-label=\"2 sur 5\"><figure class=\"swiper-slide-inner\"><img decoding=\"async\" class=\"swiper-slide-image\" src=\"https:\/\/sindicatomilonguero.com\/wp-content\/uploads\/elementor\/thumbs\/IMG_1952-scaled-pytt11rpbrz64f26alh9cx772xscvd708m0s2mq92c.jpg\" alt=\"IMG_1952\" \/><\/figure><\/div><div class=\"swiper-slide\" role=\"group\" aria-roledescription=\"slide\" aria-label=\"3 sur 5\"><figure class=\"swiper-slide-inner\"><img decoding=\"async\" class=\"swiper-slide-image\" src=\"https:\/\/sindicatomilonguero.com\/wp-content\/uploads\/elementor\/thumbs\/IMG_1967-scaled-pytt0pjsuxifxhjx9y73yia7cxgl3auhuxjgu18db8.jpg\" alt=\"IMG_1967\" \/><\/figure><\/div><div class=\"swiper-slide\" role=\"group\" aria-roledescription=\"slide\" aria-label=\"4 sur 5\"><figure class=\"swiper-slide-inner\"><img decoding=\"async\" class=\"swiper-slide-image\" src=\"https:\/\/sindicatomilonguero.com\/wp-content\/uploads\/elementor\/thumbs\/IMG_1981-scaled-pytt09kjmqwkg474v9aga4bd9dncgg324qg7obw290.jpg\" alt=\"IMG_1981\" \/><\/figure><\/div><div class=\"swiper-slide\" role=\"group\" aria-roledescription=\"slide\" aria-label=\"5 sur 5\"><figure class=\"swiper-slide-inner\"><img decoding=\"async\" class=\"swiper-slide-image\" src=\"https:\/\/sindicatomilonguero.com\/wp-content\/uploads\/elementor\/thumbs\/IMG_1986-scaled-pytt0jwrpxapzts46vrcjjpfsm8dt483u5mjydgqck.jpg\" alt=\"IMG_1986\" \/><\/figure><\/div>\t\t\t<\/div>\n\t\t\t\t\t\t\t\t\t\t\t\t<div class=\"elementor-swiper-button elementor-swiper-button-prev\" role=\"button\" tabindex=\"0\">\n\t\t\t\t\t\t<i aria-hidden=\"true\" class=\"eicon-chevron-left\"><\/i>\t\t\t\t\t<\/div>\n\t\t\t\t\t<div class=\"elementor-swiper-button elementor-swiper-button-next\" role=\"button\" tabindex=\"0\">\n\t\t\t\t\t\t<i aria-hidden=\"true\" class=\"eicon-chevron-right\"><\/i>\t\t\t\t\t<\/div>\n\t\t\t\t\n\t\t\t\t\t\t\t\t\t<div class=\"swiper-pagination\"><\/div>\n\t\t\t\t\t\t\t\t\t<\/div>\n\t\t\t\t\t\t<\/div>\n\t\t\t\t<\/div>\n\t\t\t\t\t<\/div>\n\t\t<\/div>\n\t\t\t\t\t<\/div>\n\t\t<\/section>\n\t\t\t\t<\/div>\n\t\t","protected":false},"excerpt":{"rendered":"<p>L&rsquo;orchestre Patricio Bonfiglio &amp; El Sindicato Milonguero est un orchestre de tango contemporain, compos\u00e9 de trois violons, un alto, un violoncelle, contrebasse, piano et trois bandon\u00e9ons. Depuis ses d\u00e9buts, l&rsquo;ensemble s&rsquo;est produit sur plusieurs sc\u00e8nes reconnues, notamment au Studio de l\u2019Ermitage, \u00e0 la Bellevilloise, \u00e0 l\u2019Espace Jemmapes, au Pavillon de Romainville et au Festival de [&hellip;]<\/p>\n","protected":false},"author":1,"featured_media":0,"parent":0,"menu_order":0,"comment_status":"closed","ping_status":"closed","template":"","meta":{"site-sidebar-layout":"no-sidebar","site-content-layout":"page-builder","ast-site-content-layout":"default","site-content-style":"default","site-sidebar-style":"default","ast-global-header-display":"","ast-banner-title-visibility":"","ast-main-header-display":"","ast-hfb-above-header-display":"","ast-hfb-below-header-display":"","ast-hfb-mobile-header-display":"","site-post-title":"disabled","ast-breadcrumbs-content":"disabled","ast-featured-img":"disabled","footer-sml-layout":"","theme-transparent-header-meta":"enabled","adv-header-id-meta":"","stick-header-meta":"","header-above-stick-meta":"","header-main-stick-meta":"","header-below-stick-meta":"","astra-migrate-meta-layouts":"default","ast-page-background-enabled":"default","ast-page-background-meta":{"desktop":{"background-color":"","background-image":"","background-repeat":"repeat","background-position":"center center","background-size":"auto","background-attachment":"scroll","background-type":"","background-media":"","overlay-type":"","overlay-color":"","overlay-opacity":"","overlay-gradient":""},"tablet":{"background-color":"","background-image":"","background-repeat":"repeat","background-position":"center center","background-size":"auto","background-attachment":"scroll","background-type":"","background-media":"","overlay-type":"","overlay-color":"","overlay-opacity":"","overlay-gradient":""},"mobile":{"background-color":"","background-image":"","background-repeat":"repeat","background-position":"center center","background-size":"auto","background-attachment":"scroll","background-type":"","background-media":"","overlay-type":"","overlay-color":"","overlay-opacity":"","overlay-gradient":""}},"ast-content-background-meta":{"desktop":{"background-color":"var(--ast-global-color-5)","background-image":"","background-repeat":"repeat","background-position":"center center","background-size":"auto","background-attachment":"scroll","background-type":"","background-media":"","overlay-type":"","overlay-color":"","overlay-opacity":"","overlay-gradient":""},"tablet":{"background-color":"var(--ast-global-color-5)","background-image":"","background-repeat":"repeat","background-position":"center center","background-size":"auto","background-attachment":"scroll","background-type":"","background-media":"","overlay-type":"","overlay-color":"","overlay-opacity":"","overlay-gradient":""},"mobile":{"background-color":"var(--ast-global-color-5)","background-image":"","background-repeat":"repeat","background-position":"center center","background-size":"auto","background-attachment":"scroll","background-type":"","background-media":"","overlay-type":"","overlay-color":"","overlay-opacity":"","overlay-gradient":""}},"footnotes":""},"class_list":["post-394","page","type-page","status-publish","hentry"],"_links":{"self":[{"href":"https:\/\/sindicatomilonguero.com\/index.php\/wp-json\/wp\/v2\/pages\/394","targetHints":{"allow":["GET"]}}],"collection":[{"href":"https:\/\/sindicatomilonguero.com\/index.php\/wp-json\/wp\/v2\/pages"}],"about":[{"href":"https:\/\/sindicatomilonguero.com\/index.php\/wp-json\/wp\/v2\/types\/page"}],"author":[{"embeddable":true,"href":"https:\/\/sindicatomilonguero.com\/index.php\/wp-json\/wp\/v2\/users\/1"}],"replies":[{"embeddable":true,"href":"https:\/\/sindicatomilonguero.com\/index.php\/wp-json\/wp\/v2\/comments?post=394"}],"version-history":[{"count":83,"href":"https:\/\/sindicatomilonguero.com\/index.php\/wp-json\/wp\/v2\/pages\/394\/revisions"}],"predecessor-version":[{"id":1115,"href":"https:\/\/sindicatomilonguero.com\/index.php\/wp-json\/wp\/v2\/pages\/394\/revisions\/1115"}],"wp:attachment":[{"href":"https:\/\/sindicatomilonguero.com\/index.php\/wp-json\/wp\/v2\/media?parent=394"}],"curies":[{"name":"wp","href":"https:\/\/api.w.org\/{rel}","templated":true}]}}